{"id":20,"date":"2019-11-07T20:33:06","date_gmt":"2019-11-07T19:33:06","guid":{"rendered":"https:\/\/ibb.phwien.ac.at\/?page_id=20"},"modified":"2024-02-02T13:07:41","modified_gmt":"2024-02-02T12:07:41","slug":"kontakt","status":"publish","type":"page","link":"https:\/\/isbb.phwien.ac.at\/?page_id=20","title":{"rendered":"Kontakt"},"content":{"rendered":"\n<p><\/p>\n\n\n<p style=\"text-align: center;\"><strong>P\u00e4dagogische Hochschule <\/strong><span style=\"color: #cc0000;\"><strong>Wien<\/strong><\/span><br \/>Institut Sekundarstufe Berufsbildung (I:SBB)<br \/>Grenzackerstra\u00dfe 18 1100 Wien \u00d6STERREICH<br \/>t: +43 1 601 18-3201<br \/>e: i.sbb (at) phwien (dot) ac (dot) at<\/p>","protected":false},"excerpt":{"rendered":"<p>P\u00e4dagogische Hochschule WienInstitut Sekundarstufe Berufsbildung (I:SBB)Grenzackerstra\u00dfe 18 1100 Wien \u00d6STERREICHt: +43 1 601 18-3201e: i.sbb (at) phwien (dot) ac (dot) at<\/p>\n","protected":false},"author":2,"featured_media":111,"parent":0,"menu_order":0,"comment_status":"closed","ping_status":"closed","template":"page-templates\/full-width-page.php","meta":{"footnotes":""},"jetpack_sharing_enabled":true,"_links":{"self":[{"href":"https:\/\/isbb.phwien.ac.at\/index.php?rest_route=\/wp\/v2\/pages\/20"}],"collection":[{"href":"https:\/\/isbb.phwien.ac.at\/index.php?rest_route=\/wp\/v2\/pages"}],"about":[{"href":"https:\/\/isbb.phwien.ac.at\/index.php?rest_route=\/wp\/v2\/types\/page"}],"author":[{"embeddable":true,"href":"https:\/\/isbb.phwien.ac.at\/index.php?rest_route=\/wp\/v2\/users\/2"}],"replies":[{"embeddable":true,"href":"https:\/\/isbb.phwien.ac.at\/index.php?rest_route=%2Fwp%2Fv2%2Fcomments&post=20"}],"version-history":[{"count":7,"href":"https:\/\/isbb.phwien.ac.at\/index.php?rest_route=\/wp\/v2\/pages\/20\/revisions"}],"predecessor-version":[{"id":1609,"href":"https:\/\/isbb.phwien.ac.at\/index.php?rest_route=\/wp\/v2\/pages\/20\/revisions\/1609"}],"wp:featuredmedia":[{"embeddable":true,"href":"https:\/\/isbb.phwien.ac.at\/index.php?rest_route=\/wp\/v2\/media\/111"}],"wp:attachment":[{"href":"https:\/\/isbb.phwien.ac.at\/index.php?rest_route=%2Fwp%2Fv2%2Fmedia&parent=20"}],"curies":[{"name":"wp","href":"https:\/\/api.w.org\/{rel}","templated":true}]}}