{"id":1610,"date":"2024-02-02T13:48:33","date_gmt":"2024-02-02T12:48:33","guid":{"rendered":"https:\/\/ibb.phwien.ac.at\/?page_id=1610"},"modified":"2024-03-20T16:03:30","modified_gmt":"2024-03-20T15:03:30","slug":"partnerschulen-netzwerk-berufsbildung","status":"publish","type":"page","link":"https:\/\/isbb.phwien.ac.at\/?page_id=1610","title":{"rendered":"Partnerschulen-Netzwerk Berufsbildung"},"content":{"rendered":"\n<p><\/p>\n\n\n\n<h2 class=\"wp-block-heading\">Job Shadowing von Schulleitungen aus Oberfranken an Wiener Berufsschulen<\/h2>\n\n\n\n<figure class=\"wp-block-image size-full\"><img loading=\"lazy\" decoding=\"async\" width=\"877\" height=\"548\" src=\"https:\/\/isbb.phwien.ac.at\/wp-content\/uploads\/2024\/03\/Ins-Thema-eintauchen_Bauer-et-al_2018-65f08ce0c3a08-e1710316988435-1.jpg\" alt=\"\" class=\"wp-image-1652\"\/><figcaption class=\"wp-element-caption\">Abbildung: Iba, T. (2018). <em>Learning Patterns: Eine Mustersprache f\u00fcr kreatives Lernen.<\/em> Aus dem Engl. \u00fcbers. v. R. Bauer, P. Szucsich &amp; M. Sankofi. CreativeShift, S. 56<\/figcaption><\/figure>\n\n\n\n<div style=\"height:19px\" aria-hidden=\"true\" class=\"wp-block-spacer\"><\/div>\n\n\n\n<p>Die <a href=\"https:\/\/schule-oberfranken.de\/\"><strong>Regierung von Oberfranken<\/strong><\/a> bietet im April 2024 eine Erasmus+ gef\u00f6rderte Auslandsfortbildung f\u00fcr F\u00fchrungspersonal, Schulleiter*innen und stellvertretende Schulleiter*innen zu den Themen \u201eAgiles Management und erfolgreiches Konfliktmanagement im Bildungsbereich f\u00fcr F\u00fchrungskr\u00e4fte\u201c in Zusammenarbeit mit der PH Wien und Universit\u00e4t Wien.<\/p>\n\n\n\n<p>Agilit\u00e4t wird dabei als F\u00e4higkeit von Teams und Organisationen angesehen, in einem unsicheren, sich ver\u00e4ndernden und dynamischen Umfeld flexibel, anpassungsf\u00e4hig und schnell zu agieren. Grundlage des agilen Managements im berufsbildenden Bereich ist u. a. die F\u00f6rderung von Teamarbeit im Kollegium. Effektive Kommunikation ist f\u00fcr den Erfolg agiler Prozesse unerl\u00e4sslich. Konflikte k\u00f6nnen hingegen die Zusammenarbeit beeintr\u00e4chtigen.<\/p>\n\n\n\n<p>Im Rahmen dieser Fortbildungswoche in Wien wird in Workshops zu den Bereichen \u201eAgiles Projektmanagement: Scrum, Kanban &amp; Co.\u201c und \u201eKonfliktmanagement f\u00fcr F\u00fchrungskr\u00e4fte \u2013 Schwerpunkt: Bedrohungsmanagement\u201c gearbeitet.<\/p>\n\n\n\n<p>Als Erg\u00e4nzung zu den Workshops finden im Rahmen des <strong>Partnerschulen-Netzwerks Berufsbildung<\/strong>&nbsp;am 15.04.2024 Job Shadowings in der Schulleitung von 11 Wiener Berufsschulen statt. Kleingruppen des F\u00fchrungspersonals aus Deutschland erhalten an den unterschiedlichen Berufsschulstandorten in Wien Einblick in die t\u00e4gliche Arbeit von BS-Direktor*innen. Wir danken den Direktor*innen f\u00fcr die Bereitschaft Ihre T\u00fcren f\u00fcr Leitungspersonen aus Deutschland zu \u00f6ffnen!<\/p>\n\n\n\n<p><strong>Kontakt f\u00fcr diesen Beitrag<\/strong><\/p>\n\n\n\n<p><a href=\"https:\/\/phwien.ac.at\/personen\/albert-sabine\/\">HS-Prof.<sup>in<\/sup> Mag.<sup>a<\/sup> Dr.<sup>in<\/sup> Sabine ALBERT, BEd MA<\/a><br><a href=\"https:\/\/phwien.ac.at\/personen\/menner-sandra\/\">Mag.<sup>a<\/sup> Sandra MENNER, BEd<\/a><\/p>\n\n\n\n<p><strong><br><\/strong><\/p>\n","protected":false},"excerpt":{"rendered":"<p>Job Shadowing von Schulleitungen aus Oberfranken an Wiener Berufsschulen Die Regierung von Oberfranken bietet im April 2024 eine Erasmus+ gef\u00f6rderte Auslandsfortbildung f\u00fcr F\u00fchrungspersonal, Schulleiter*innen und stellvertretende Schulleiter*innen zu den Themen \u201eAgiles Management und erfolgreiches Konfliktmanagement im Bildungsbereich f\u00fcr F\u00fchrungskr\u00e4fte\u201c in Zusammenarbeit mit der PH Wien und Universit\u00e4t Wien. Agilit\u00e4t wird dabei als F\u00e4higkeit von Teams [&hellip;]<\/p>\n","protected":false},"author":2,"featured_media":0,"parent":0,"menu_order":0,"comment_status":"closed","ping_status":"closed","template":"","meta":{"footnotes":""},"jetpack_sharing_enabled":true,"_links":{"self":[{"href":"https:\/\/isbb.phwien.ac.at\/index.php?rest_route=\/wp\/v2\/pages\/1610"}],"collection":[{"href":"https:\/\/isbb.phwien.ac.at\/index.php?rest_route=\/wp\/v2\/pages"}],"about":[{"href":"https:\/\/isbb.phwien.ac.at\/index.php?rest_route=\/wp\/v2\/types\/page"}],"author":[{"embeddable":true,"href":"https:\/\/isbb.phwien.ac.at\/index.php?rest_route=\/wp\/v2\/users\/2"}],"replies":[{"embeddable":true,"href":"https:\/\/isbb.phwien.ac.at\/index.php?rest_route=%2Fwp%2Fv2%2Fcomments&post=1610"}],"version-history":[{"count":6,"href":"https:\/\/isbb.phwien.ac.at\/index.php?rest_route=\/wp\/v2\/pages\/1610\/revisions"}],"predecessor-version":[{"id":1656,"href":"https:\/\/isbb.phwien.ac.at\/index.php?rest_route=\/wp\/v2\/pages\/1610\/revisions\/1656"}],"wp:attachment":[{"href":"https:\/\/isbb.phwien.ac.at\/index.php?rest_route=%2Fwp%2Fv2%2Fmedia&parent=1610"}],"curies":[{"name":"wp","href":"https:\/\/api.w.org\/{rel}","templated":true}]}}