{"id":124,"date":"2019-11-09T20:05:13","date_gmt":"2019-11-09T19:05:13","guid":{"rendered":"https:\/\/ibb.phwien.ac.at\/?page_id=124"},"modified":"2024-02-02T13:06:31","modified_gmt":"2024-02-02T12:06:31","slug":"impressum","status":"publish","type":"page","link":"https:\/\/isbb.phwien.ac.at\/?page_id=124","title":{"rendered":"Impressum"},"content":{"rendered":"\n<p>Dies ist der Weblog des <a href=\"https:\/\/phwien.ac.at\/org\/institut-sekundarstufe-berufsbildung\/\">Instituts Sekundarstufe Berufsbildung (I:SBB)<\/a> der <a href=\"http:\/\/www.phwien.ac.at\">P\u00e4dagogischen Hochschule Wien<\/a>. Der Blog dokumentiert die Aktivit\u00e4ten des I:SBB und besch\u00e4ftigt sich mit aktuellen Entwicklungen im Bereich der Berufsbildung. F\u00fcr die Inhalte der einzelnen Beitr\u00e4ge sind die jeweils als Autor*in genannten I:SBB-Teammitglieder verantwortlich. <\/p>\n\n\n\n<p>Bilder zu Beitr\u00e4gen sind entweder von den Autor*innen selbst oder stammen aus dem  Public-Domain-Katalog von <a href=\"https:\/\/pixabay.com\/de\/\">Pixabay<\/a>. Buchcover stammen meist von den Verlagsseiten selbst.<\/p>\n\n\n\n<h3 class=\"wp-block-heading\">Lizenz<\/h3>\n\n\n\n<p>Alle von den Autor*innen geschriebenen Texte stehen unter der Lizenz CC By-NC 4.0.<\/p>\n\n\n\n<figure class=\"wp-block-image\"><a href=\"http:\/\/creativecommons.org\/licenses\/by-nc\/4.0\/\"><img decoding=\"async\" src=\"https:\/\/i.creativecommons.org\/l\/by-nc\/4.0\/80x15.png\" alt=\"Creative Commons Lizenzvertrag\"\/><\/a><\/figure>\n\n\n\n<p>Dieses Werk ist lizenziert unter einer <a href=\"http:\/\/creativecommons.org\/licenses\/by-nc\/4.0\/\">Creative Commons Namensnennung-Nicht kommerziell 4.0 International Lizenz<\/a>.<\/p>\n\n\n\n<p><strong>HS-Prof. Mag. Dr. Reinhard BAUER, MA<\/strong><br>Institut Sekundarstufe Berufsbildung (I:SBB)<br>Institutsleiter<\/p>\n\n\n\n<p><strong>P\u00e4dagogische Hochschule Wien<\/strong><br>Institut Sekundarstufe Berufsbildung (I:SBB)<br>Grenzackerstra\u00dfe 18<br>1100 Wien<br>\u00d6STERREICH<\/p>\n\n\n\n<p>e: reinhard (dot) bauer (at) phwien (dot) ac (dot) at<\/p>\n","protected":false},"excerpt":{"rendered":"<p>Dies ist der Weblog des Instituts Sekundarstufe Berufsbildung (I:SBB) der P\u00e4dagogischen Hochschule Wien. Der Blog dokumentiert die Aktivit\u00e4ten des I:SBB und besch\u00e4ftigt sich mit aktuellen Entwicklungen im Bereich der Berufsbildung. F\u00fcr die Inhalte der einzelnen Beitr\u00e4ge sind die jeweils als Autor*in genannten I:SBB-Teammitglieder verantwortlich. Bilder zu Beitr\u00e4gen sind entweder von den Autor*innen selbst oder stammen [&hellip;]<\/p>\n","protected":false},"author":2,"featured_media":0,"parent":0,"menu_order":0,"comment_status":"closed","ping_status":"closed","template":"","meta":{"footnotes":""},"jetpack_sharing_enabled":true,"_links":{"self":[{"href":"https:\/\/isbb.phwien.ac.at\/index.php?rest_route=\/wp\/v2\/pages\/124"}],"collection":[{"href":"https:\/\/isbb.phwien.ac.at\/index.php?rest_route=\/wp\/v2\/pages"}],"about":[{"href":"https:\/\/isbb.phwien.ac.at\/index.php?rest_route=\/wp\/v2\/types\/page"}],"author":[{"embeddable":true,"href":"https:\/\/isbb.phwien.ac.at\/index.php?rest_route=\/wp\/v2\/users\/2"}],"replies":[{"embeddable":true,"href":"https:\/\/isbb.phwien.ac.at\/index.php?rest_route=%2Fwp%2Fv2%2Fcomments&post=124"}],"version-history":[{"count":5,"href":"https:\/\/isbb.phwien.ac.at\/index.php?rest_route=\/wp\/v2\/pages\/124\/revisions"}],"predecessor-version":[{"id":1608,"href":"https:\/\/isbb.phwien.ac.at\/index.php?rest_route=\/wp\/v2\/pages\/124\/revisions\/1608"}],"wp:attachment":[{"href":"https:\/\/isbb.phwien.ac.at\/index.php?rest_route=%2Fwp%2Fv2%2Fmedia&parent=124"}],"curies":[{"name":"wp","href":"https:\/\/api.w.org\/{rel}","templated":true}]}}